{"id":1480,"date":"2024-06-25T22:43:18","date_gmt":"2024-06-26T03:43:18","guid":{"rendered":"https:\/\/keyworldconsultants.com\/?page_id=1480"},"modified":"2024-12-04T22:44:33","modified_gmt":"2024-12-05T03:44:33","slug":"k1-fiance-visa","status":"publish","type":"page","link":"https:\/\/keyworldconsultants.com\/es\/k1-fiance-visa\/","title":{"rendered":"K1 - Novio (visa)"},"content":{"rendered":"<div data-elementor-type=\"wp-page\" data-elementor-id=\"1480\" class=\"elementor elementor-1480\" data-elementor-post-type=\"page\">\n\t\t\t\t\t\t<section class=\"elementor-section elementor-inner-section elementor-element elementor-element-2c321225 elementor-section-boxed elementor-section-height-default elementor-section-height-default\" data-id=\"2c321225\" data-element_type=\"section\" data-e-type=\"section\" data-settings=\"{&quot;background_background&quot;:&quot;classic&quot;}\">\n\t\t\t\t\t\t<div class=\"elementor-container elementor-column-gap-default\">\n\t\t\t\t\t<div class=\"elementor-column elementor-col-50 elementor-inner-column elementor-element elementor-element-3e432772 elementor-invisible\" data-id=\"3e432772\" data-element_type=\"column\" data-e-type=\"column\" data-settings=\"{&quot;background_background&quot;:&quot;slideshow&quot;,&quot;animation&quot;:&quot;fadeInLeft&quot;,&quot;background_slideshow_gallery&quot;:[],&quot;background_slideshow_loop&quot;:&quot;yes&quot;,&quot;background_slideshow_slide_duration&quot;:5000,&quot;background_slideshow_slide_transition&quot;:&quot;fade&quot;,&quot;background_slideshow_transition_duration&quot;:500}\">\n\t\t\t<div class=\"elementor-widget-wrap elementor-element-populated\">\n\t\t\t\t\t\t<div class=\"elementor-element elementor-element-2270dd4c elementor-widget elementor-widget-image\" data-id=\"2270dd4c\" data-element_type=\"widget\" data-e-type=\"widget\" data-widget_type=\"image.default\">\n\t\t\t\t<div class=\"elementor-widget-container\">\n\t\t\t\t\t\t\t\t\t\t\t\t\t\t\t<img fetchpriority=\"high\" decoding=\"async\" width=\"2560\" height=\"1707\" src=\"https:\/\/keyworldconsultants.com\/wp-content\/uploads\/2024\/07\/gorgeous-wedding-couple-bride-groom-posing-bridge-krakow-scaled.jpg\" class=\"attachment-full size-full wp-image-2546\" alt=\"\" srcset=\"https:\/\/keyworldconsultants.com\/wp-content\/uploads\/2024\/07\/gorgeous-wedding-couple-bride-groom-posing-bridge-krakow-scaled.jpg 2560w, https:\/\/keyworldconsultants.com\/wp-content\/uploads\/2024\/07\/gorgeous-wedding-couple-bride-groom-posing-bridge-krakow-300x200.jpg 300w, https:\/\/keyworldconsultants.com\/wp-content\/uploads\/2024\/07\/gorgeous-wedding-couple-bride-groom-posing-bridge-krakow-1024x683.jpg 1024w, https:\/\/keyworldconsultants.com\/wp-content\/uploads\/2024\/07\/gorgeous-wedding-couple-bride-groom-posing-bridge-krakow-768x512.jpg 768w, https:\/\/keyworldconsultants.com\/wp-content\/uploads\/2024\/07\/gorgeous-wedding-couple-bride-groom-posing-bridge-krakow-1536x1024.jpg 1536w, https:\/\/keyworldconsultants.com\/wp-content\/uploads\/2024\/07\/gorgeous-wedding-couple-bride-groom-posing-bridge-krakow-2048x1365.jpg 2048w, https:\/\/keyworldconsultants.com\/wp-content\/uploads\/2024\/07\/gorgeous-wedding-couple-bride-groom-posing-bridge-krakow-18x12.jpg 18w\" sizes=\"(max-width: 2560px) 100vw, 2560px\" \/>\t\t\t\t\t\t\t\t\t\t\t\t\t\t\t<\/div>\n\t\t\t\t<\/div>\n\t\t\t\t\t<\/div>\n\t\t<\/div>\n\t\t\t\t<div class=\"elementor-column elementor-col-50 elementor-inner-column elementor-element elementor-element-321102f3 elementor-invisible\" data-id=\"321102f3\" data-element_type=\"column\" data-e-type=\"column\" data-settings=\"{&quot;background_background&quot;:&quot;classic&quot;,&quot;animation&quot;:&quot;fadeInRight&quot;}\">\n\t\t\t<div class=\"elementor-widget-wrap elementor-element-populated\">\n\t\t\t\t\t\t<div class=\"elementor-element elementor-element-741c7b13 elementor-invisible elementor-widget elementor-widget-heading\" data-id=\"741c7b13\" data-element_type=\"widget\" data-e-type=\"widget\" data-settings=\"{&quot;_animation&quot;:&quot;fadeInDown&quot;}\" data-widget_type=\"heading.default\">\n\t\t\t\t<div class=\"elementor-widget-container\">\n\t\t\t\t\t<h2 class=\"elementor-heading-title elementor-size-default\">K1- Visa de prometido (a)<\/h2>\t\t\t\t<\/div>\n\t\t\t\t<\/div>\n\t\t\t\t<div class=\"elementor-element elementor-element-67160dde elementor-widget-mobile__width-auto elementor-invisible elementor-widget elementor-widget-text-editor\" data-id=\"67160dde\" data-element_type=\"widget\" data-e-type=\"widget\" data-settings=\"{&quot;_animation&quot;:&quot;fadeInUp&quot;}\" data-widget_type=\"text-editor.default\">\n\t\t\t\t<div class=\"elementor-widget-container\">\n\t\t\t\t\t\t\t\t\t<p>Para obtener una visa de prometido(a) K-1, usted y su prometido(a) deben tener\nla intenci\u00f3n de casarse dentro de los 90 d\u00edas posteriores a que su prometido(a)\ningrese a los EE. UU. como no inmigrante K-1. Su matrimonio debe ser v\u00e1lido, lo que significa que tanto usted como su prometido(a) tienen una intenci\u00f3n genuina de establecer una vida juntos y el matrimonio no tiene como \u00fanico prop\u00f3sito obtener un beneficio de inmigraci\u00f3n. Despu\u00e9s del matrimonio, \u00e9l o ella puede\nsolicitar el estatus de residente permanente legal en los Estados Unidos (una Tarjeta Verde).\n\nSi ya se ha casado, planea casarse fuera de los Estados Unidos o su prometido(a) ya reside legalmente en los Estados Unidos, su c\u00f3nyuge o\nprometido(a) no es elegible para una visa de prometido(a). Nuestro especialista profesional en inmigraci\u00f3n estar\u00e1 encantado de guiarle.<\/p>\t\t\t\t\t\t\t\t<\/div>\n\t\t\t\t<\/div>\n\t\t\t\t<div class=\"elementor-element elementor-element-009ae95 elementor-widget-mobile__width-auto elementor-invisible elementor-widget elementor-widget-text-editor\" data-id=\"009ae95\" data-element_type=\"widget\" data-e-type=\"widget\" data-settings=\"{&quot;_animation&quot;:&quot;fadeInUp&quot;}\" data-widget_type=\"text-editor.default\">\n\t\t\t\t<div class=\"elementor-widget-container\">\n\t\t\t\t\t\t\t\t\t<p>Los empleados de Keyworld Consultants no son abogados de inmigraci\u00f3n en los Estados Unidos. No podr\u00e1n dar asesoramiento legal en EE.UU. ni aceptar honorarios por asesoramiento legal.<\/p>\t\t\t\t\t\t\t\t<\/div>\n\t\t\t\t<\/div>\n\t\t\t\t\t<\/div>\n\t\t<\/div>\n\t\t\t\t\t<\/div>\n\t\t<\/section>\n\t\t\t\t<\/div>","protected":false},"excerpt":{"rendered":"<p>K1- Fianc\u00e9 (Visa) In order to obtain a K-1 fianc\u00e9(e) visa, you and your fianc\u00e9(e) must intend to marry each other within 90 days of your fianc\u00e9(e) entering the U.S as a K-1 nonimmigrant. Your marriage must be valid, meaning both you and your fianc\u00e9(e) have a bona fide intent to establish a life together [&hellip;]<\/p>","protected":false},"author":1,"featured_media":0,"parent":0,"menu_order":0,"comment_status":"closed","ping_status":"closed","template":"","meta":{"footnotes":""},"class_list":["post-1480","page","type-page","status-publish","hentry"],"_links":{"self":[{"href":"https:\/\/keyworldconsultants.com\/es\/wp-json\/wp\/v2\/pages\/1480","targetHints":{"allow":["GET"]}}],"collection":[{"href":"https:\/\/keyworldconsultants.com\/es\/wp-json\/wp\/v2\/pages"}],"about":[{"href":"https:\/\/keyworldconsultants.com\/es\/wp-json\/wp\/v2\/types\/page"}],"author":[{"embeddable":true,"href":"https:\/\/keyworldconsultants.com\/es\/wp-json\/wp\/v2\/users\/1"}],"replies":[{"embeddable":true,"href":"https:\/\/keyworldconsultants.com\/es\/wp-json\/wp\/v2\/comments?post=1480"}],"version-history":[{"count":40,"href":"https:\/\/keyworldconsultants.com\/es\/wp-json\/wp\/v2\/pages\/1480\/revisions"}],"predecessor-version":[{"id":3054,"href":"https:\/\/keyworldconsultants.com\/es\/wp-json\/wp\/v2\/pages\/1480\/revisions\/3054"}],"wp:attachment":[{"href":"https:\/\/keyworldconsultants.com\/es\/wp-json\/wp\/v2\/media?parent=1480"}],"curies":[{"name":"wp","href":"https:\/\/api.w.org\/{rel}","templated":true}]}}