{"id":1483,"date":"2024-06-25T22:43:44","date_gmt":"2024-06-26T03:43:44","guid":{"rendered":"https:\/\/keyworldconsultants.com\/?page_id=1483"},"modified":"2024-12-04T23:02:55","modified_gmt":"2024-12-05T04:02:55","slug":"marriage-petition","status":"publish","type":"page","link":"https:\/\/keyworldconsultants.com\/es\/marriage-petition\/","title":{"rendered":"Petici\u00f3n de matrimonio"},"content":{"rendered":"<div data-elementor-type=\"wp-page\" data-elementor-id=\"1483\" class=\"elementor elementor-1483\" data-elementor-post-type=\"page\">\n\t\t\t\t\t\t<section class=\"elementor-section elementor-inner-section elementor-element elementor-element-70965330 elementor-section-boxed elementor-section-height-default elementor-section-height-default\" data-id=\"70965330\" data-element_type=\"section\" data-e-type=\"section\" data-settings=\"{&quot;background_background&quot;:&quot;classic&quot;}\">\n\t\t\t\t\t\t<div class=\"elementor-container elementor-column-gap-default\">\n\t\t\t\t\t<div class=\"elementor-column elementor-col-50 elementor-inner-column elementor-element elementor-element-11b83409 elementor-invisible\" data-id=\"11b83409\" data-element_type=\"column\" data-e-type=\"column\" data-settings=\"{&quot;background_background&quot;:&quot;slideshow&quot;,&quot;animation&quot;:&quot;fadeInLeft&quot;,&quot;background_slideshow_gallery&quot;:[],&quot;background_slideshow_loop&quot;:&quot;yes&quot;,&quot;background_slideshow_slide_duration&quot;:5000,&quot;background_slideshow_slide_transition&quot;:&quot;fade&quot;,&quot;background_slideshow_transition_duration&quot;:500}\">\n\t\t\t<div class=\"elementor-widget-wrap elementor-element-populated\">\n\t\t\t\t\t\t<div class=\"elementor-element elementor-element-db47f66 elementor-widget elementor-widget-image\" data-id=\"db47f66\" data-element_type=\"widget\" data-e-type=\"widget\" data-widget_type=\"image.default\">\n\t\t\t\t<div class=\"elementor-widget-container\">\n\t\t\t\t\t\t\t\t\t\t\t\t\t\t\t<img fetchpriority=\"high\" decoding=\"async\" width=\"2560\" height=\"1707\" src=\"https:\/\/keyworldconsultants.com\/wp-content\/uploads\/2024\/07\/medium-shot-smiley-people-with-usa-flag-scaled.jpg\" class=\"attachment-full size-full wp-image-2550\" alt=\"\" srcset=\"https:\/\/keyworldconsultants.com\/wp-content\/uploads\/2024\/07\/medium-shot-smiley-people-with-usa-flag-scaled.jpg 2560w, https:\/\/keyworldconsultants.com\/wp-content\/uploads\/2024\/07\/medium-shot-smiley-people-with-usa-flag-300x200.jpg 300w, https:\/\/keyworldconsultants.com\/wp-content\/uploads\/2024\/07\/medium-shot-smiley-people-with-usa-flag-1024x683.jpg 1024w, https:\/\/keyworldconsultants.com\/wp-content\/uploads\/2024\/07\/medium-shot-smiley-people-with-usa-flag-768x512.jpg 768w, https:\/\/keyworldconsultants.com\/wp-content\/uploads\/2024\/07\/medium-shot-smiley-people-with-usa-flag-1536x1024.jpg 1536w, https:\/\/keyworldconsultants.com\/wp-content\/uploads\/2024\/07\/medium-shot-smiley-people-with-usa-flag-2048x1365.jpg 2048w, https:\/\/keyworldconsultants.com\/wp-content\/uploads\/2024\/07\/medium-shot-smiley-people-with-usa-flag-18x12.jpg 18w\" sizes=\"(max-width: 2560px) 100vw, 2560px\" \/>\t\t\t\t\t\t\t\t\t\t\t\t\t\t\t<\/div>\n\t\t\t\t<\/div>\n\t\t\t\t\t<\/div>\n\t\t<\/div>\n\t\t\t\t<div class=\"elementor-column elementor-col-50 elementor-inner-column elementor-element elementor-element-7fb5841c elementor-invisible\" data-id=\"7fb5841c\" data-element_type=\"column\" data-e-type=\"column\" data-settings=\"{&quot;background_background&quot;:&quot;classic&quot;,&quot;animation&quot;:&quot;fadeInRight&quot;}\">\n\t\t\t<div class=\"elementor-widget-wrap elementor-element-populated\">\n\t\t\t\t\t\t<div class=\"elementor-element elementor-element-4cccc96c elementor-invisible elementor-widget elementor-widget-heading\" data-id=\"4cccc96c\" data-element_type=\"widget\" data-e-type=\"widget\" data-settings=\"{&quot;_animation&quot;:&quot;fadeInDown&quot;}\" data-widget_type=\"heading.default\">\n\t\t\t\t<div class=\"elementor-widget-container\">\n\t\t\t\t\t<h2 class=\"elementor-heading-title elementor-size-default\">Petici\u00f3n de matrimonio<\/h2>\t\t\t\t<\/div>\n\t\t\t\t<\/div>\n\t\t\t\t<div class=\"elementor-element elementor-element-1aea435e elementor-widget-mobile__width-auto elementor-invisible elementor-widget elementor-widget-text-editor\" data-id=\"1aea435e\" data-element_type=\"widget\" data-e-type=\"widget\" data-settings=\"{&quot;_animation&quot;:&quot;fadeInUp&quot;}\" data-widget_type=\"text-editor.default\">\n\t\t\t\t<div class=\"elementor-widget-container\">\n\t\t\t\t\t\t\t\t\t<p>Esto es para c\u00f3nyuges que viven dentro de los Estados Unidos. Esta petici\u00f3n le otorgar\u00e1 una Tarjeta Verde (residencia permanente) a trav\u00e9s de Matrimonio y Ajuste de Estatus. Debe ser ciudadano estadounidense o titular de una Tarjeta\nVerde para poder solicitar a su c\u00f3nyuge.<\/p>\n<p><\/p>\t\t\t\t\t\t\t\t<\/div>\n\t\t\t\t<\/div>\n\t\t\t\t<div class=\"elementor-element elementor-element-5d9197a4 elementor-widget-mobile__width-auto elementor-invisible elementor-widget elementor-widget-text-editor\" data-id=\"5d9197a4\" data-element_type=\"widget\" data-e-type=\"widget\" data-settings=\"{&quot;_animation&quot;:&quot;fadeInUp&quot;}\" data-widget_type=\"text-editor.default\">\n\t\t\t\t<div class=\"elementor-widget-container\">\n\t\t\t\t\t\t\t\t\t<p>Los empleados de Keyworld Consultants no son abogados de inmigraci\u00f3n en los Estados Unidos. No podr\u00e1n dar asesoramiento legal en EE.UU. ni aceptar honorarios por asesoramiento legal.<\/p>\n<p><\/p>\t\t\t\t\t\t\t\t<\/div>\n\t\t\t\t<\/div>\n\t\t\t\t\t<\/div>\n\t\t<\/div>\n\t\t\t\t\t<\/div>\n\t\t<\/section>\n\t\t\t\t<\/div>","protected":false},"excerpt":{"rendered":"<p>Marriage petition This is for spouses that live inside the United States. This petition will grant you a Green Card through Marriage and Adjustment of Status. You must be either a U.S. citizen or&nbsp; &nbsp;Green Card holder. Keyworld Consultants employees are not immigration attorneys in the US. They may not give legal advice in the [&hellip;]<\/p>","protected":false},"author":1,"featured_media":0,"parent":0,"menu_order":0,"comment_status":"closed","ping_status":"closed","template":"","meta":{"footnotes":""},"class_list":["post-1483","page","type-page","status-publish","hentry"],"_links":{"self":[{"href":"https:\/\/keyworldconsultants.com\/es\/wp-json\/wp\/v2\/pages\/1483","targetHints":{"allow":["GET"]}}],"collection":[{"href":"https:\/\/keyworldconsultants.com\/es\/wp-json\/wp\/v2\/pages"}],"about":[{"href":"https:\/\/keyworldconsultants.com\/es\/wp-json\/wp\/v2\/types\/page"}],"author":[{"embeddable":true,"href":"https:\/\/keyworldconsultants.com\/es\/wp-json\/wp\/v2\/users\/1"}],"replies":[{"embeddable":true,"href":"https:\/\/keyworldconsultants.com\/es\/wp-json\/wp\/v2\/comments?post=1483"}],"version-history":[{"count":34,"href":"https:\/\/keyworldconsultants.com\/es\/wp-json\/wp\/v2\/pages\/1483\/revisions"}],"predecessor-version":[{"id":3066,"href":"https:\/\/keyworldconsultants.com\/es\/wp-json\/wp\/v2\/pages\/1483\/revisions\/3066"}],"wp:attachment":[{"href":"https:\/\/keyworldconsultants.com\/es\/wp-json\/wp\/v2\/media?parent=1483"}],"curies":[{"name":"wp","href":"https:\/\/api.w.org\/{rel}","templated":true}]}}