{"id":1486,"date":"2024-06-25T22:44:34","date_gmt":"2024-06-26T03:44:34","guid":{"rendered":"https:\/\/keyworldconsultants.com\/?page_id=1486"},"modified":"2024-12-04T23:12:59","modified_gmt":"2024-12-05T04:12:59","slug":"family-petitions-other-relatives","status":"publish","type":"page","link":"https:\/\/keyworldconsultants.com\/es\/family-petitions-other-relatives\/","title":{"rendered":"Peticiones de la familia (otros familiares)"},"content":{"rendered":"<div data-elementor-type=\"wp-page\" data-elementor-id=\"1486\" class=\"elementor elementor-1486\" data-elementor-post-type=\"page\">\n\t\t\t\t<div class=\"elementor-element elementor-element-39d11a45 e-flex e-con-boxed e-con e-parent\" data-id=\"39d11a45\" data-element_type=\"container\" data-e-type=\"container\">\n\t\t\t\t\t<div class=\"e-con-inner\">\n\t\t\t\t<div class=\"elementor-element elementor-element-6ce2875e elementor-widget elementor-widget-text-editor\" data-id=\"6ce2875e\" data-element_type=\"widget\" data-e-type=\"widget\" data-widget_type=\"text-editor.default\">\n\t\t\t\t<div class=\"elementor-widget-container\">\n\t\t\t\t\t\t\t\t\t\n<p class=\"has-cyan-bluish-gray-color has-text-color has-link-color wp-elements-6c5da5ad5c0c7d23114e2fd94063cc6c\"><\/p>\n\t\t\t\t\t\t\t\t<\/div>\n\t\t\t\t<\/div>\n\t\t\t\t\t<\/div>\n\t\t\t\t<\/div>\n\t\t\t\t<section class=\"elementor-section elementor-inner-section elementor-element elementor-element-7a9fde6 elementor-section-boxed elementor-section-height-default elementor-section-height-default\" data-id=\"7a9fde6\" data-element_type=\"section\" data-e-type=\"section\" data-settings=\"{&quot;background_background&quot;:&quot;classic&quot;}\">\n\t\t\t\t\t\t<div class=\"elementor-container elementor-column-gap-default\">\n\t\t\t\t\t<div class=\"elementor-column elementor-col-50 elementor-inner-column elementor-element elementor-element-723bbe81 elementor-invisible\" data-id=\"723bbe81\" data-element_type=\"column\" data-e-type=\"column\" data-settings=\"{&quot;background_background&quot;:&quot;slideshow&quot;,&quot;animation&quot;:&quot;fadeInLeft&quot;,&quot;background_slideshow_gallery&quot;:[],&quot;background_slideshow_loop&quot;:&quot;yes&quot;,&quot;background_slideshow_slide_duration&quot;:5000,&quot;background_slideshow_slide_transition&quot;:&quot;fade&quot;,&quot;background_slideshow_transition_duration&quot;:500}\">\n\t\t\t<div class=\"elementor-widget-wrap elementor-element-populated\">\n\t\t\t\t\t\t<div class=\"elementor-element elementor-element-17ce820a elementor-widget elementor-widget-image\" data-id=\"17ce820a\" data-element_type=\"widget\" data-e-type=\"widget\" data-widget_type=\"image.default\">\n\t\t\t\t<div class=\"elementor-widget-container\">\n\t\t\t\t\t\t\t\t\t\t\t\t\t\t\t<img fetchpriority=\"high\" decoding=\"async\" width=\"2560\" height=\"2560\" src=\"https:\/\/keyworldconsultants.com\/wp-content\/uploads\/2024\/07\/happy-american-family-day-handwritten-african-american-parents-baby-girl-usa-flag-sunset-poster-scaled.jpg\" class=\"attachment-full size-full wp-image-2554\" alt=\"\" srcset=\"https:\/\/keyworldconsultants.com\/wp-content\/uploads\/2024\/07\/happy-american-family-day-handwritten-african-american-parents-baby-girl-usa-flag-sunset-poster-scaled.jpg 2560w, https:\/\/keyworldconsultants.com\/wp-content\/uploads\/2024\/07\/happy-american-family-day-handwritten-african-american-parents-baby-girl-usa-flag-sunset-poster-300x300.jpg 300w, https:\/\/keyworldconsultants.com\/wp-content\/uploads\/2024\/07\/happy-american-family-day-handwritten-african-american-parents-baby-girl-usa-flag-sunset-poster-1024x1024.jpg 1024w, https:\/\/keyworldconsultants.com\/wp-content\/uploads\/2024\/07\/happy-american-family-day-handwritten-african-american-parents-baby-girl-usa-flag-sunset-poster-150x150.jpg 150w, https:\/\/keyworldconsultants.com\/wp-content\/uploads\/2024\/07\/happy-american-family-day-handwritten-african-american-parents-baby-girl-usa-flag-sunset-poster-768x768.jpg 768w, https:\/\/keyworldconsultants.com\/wp-content\/uploads\/2024\/07\/happy-american-family-day-handwritten-african-american-parents-baby-girl-usa-flag-sunset-poster-1536x1536.jpg 1536w, https:\/\/keyworldconsultants.com\/wp-content\/uploads\/2024\/07\/happy-american-family-day-handwritten-african-american-parents-baby-girl-usa-flag-sunset-poster-2048x2048.jpg 2048w, https:\/\/keyworldconsultants.com\/wp-content\/uploads\/2024\/07\/happy-american-family-day-handwritten-african-american-parents-baby-girl-usa-flag-sunset-poster-12x12.jpg 12w\" sizes=\"(max-width: 2560px) 100vw, 2560px\" \/>\t\t\t\t\t\t\t\t\t\t\t\t\t\t\t<\/div>\n\t\t\t\t<\/div>\n\t\t\t\t\t<\/div>\n\t\t<\/div>\n\t\t\t\t<div class=\"elementor-column elementor-col-50 elementor-inner-column elementor-element elementor-element-2340616f elementor-invisible\" data-id=\"2340616f\" data-element_type=\"column\" data-e-type=\"column\" data-settings=\"{&quot;background_background&quot;:&quot;classic&quot;,&quot;animation&quot;:&quot;fadeInRight&quot;}\">\n\t\t\t<div class=\"elementor-widget-wrap elementor-element-populated\">\n\t\t\t\t\t\t<div class=\"elementor-element elementor-element-4153d9a0 elementor-invisible elementor-widget elementor-widget-heading\" data-id=\"4153d9a0\" data-element_type=\"widget\" data-e-type=\"widget\" data-settings=\"{&quot;_animation&quot;:&quot;fadeInDown&quot;}\" data-widget_type=\"heading.default\">\n\t\t\t\t<div class=\"elementor-widget-container\">\n\t\t\t\t\t<h2 class=\"elementor-heading-title elementor-size-default\">Peticiones de la familia (otros familiares)<\/h2>\t\t\t\t<\/div>\n\t\t\t\t<\/div>\n\t\t\t\t<div class=\"elementor-element elementor-element-1cbe480c elementor-widget-mobile__width-auto elementor-invisible elementor-widget elementor-widget-text-editor\" data-id=\"1cbe480c\" data-element_type=\"widget\" data-e-type=\"widget\" data-settings=\"{&quot;_animation&quot;:&quot;fadeInUp&quot;}\" data-widget_type=\"text-editor.default\">\n\t\t\t\t<div class=\"elementor-widget-container\">\n\t\t\t\t\t\t\t\t\t<p class=\"translation-block\"><strong>Hermanos: <\/strong> Para solicitar traer a su hermano (o hermana) a vivir a los Estados Unidos como titular\nde una Tarjeta Verde (residente permanente), debe ser ciudadano estadounidense y\ntener al menos 21 a\u00f1os de edad. Los residentes permanentes no pueden solicitar traer\nhermanos a vivir permanentemente en los Estados Unidos.<\/p>\n<p>\u00a0<\/p>\t\t\t\t\t\t\t\t<\/div>\n\t\t\t\t<\/div>\n\t\t\t\t<div class=\"elementor-element elementor-element-b433c73 elementor-widget-mobile__width-auto elementor-invisible elementor-widget elementor-widget-text-editor\" data-id=\"b433c73\" data-element_type=\"widget\" data-e-type=\"widget\" data-settings=\"{&quot;_animation&quot;:&quot;fadeInUp&quot;}\" data-widget_type=\"text-editor.default\">\n\t\t\t\t<div class=\"elementor-widget-container\">\n\t\t\t\t\t\t\t\t\t<p class=\"translation-block\"><strong>Padres: <\/strong> Para solicitar que sus padres (madre o padre) vivan en los Estados Unidos como\ntitulares de una Tarjeta Verde (residentes permanentes), debe ser ciudadano\nestadounidense y tener al menos 21 a\u00f1os. Los titulares de una Tarjeta Verde\n(residentes permanentes) no pueden solicitar traer a sus padres a vivir\npermanentemente en los Estados Unidos.<\/p>\n<p>\u00a0<\/p>\t\t\t\t\t\t\t\t<\/div>\n\t\t\t\t<\/div>\n\t\t\t\t<div class=\"elementor-element elementor-element-e367e6b elementor-widget-mobile__width-auto elementor-invisible elementor-widget elementor-widget-text-editor\" data-id=\"e367e6b\" data-element_type=\"widget\" data-e-type=\"widget\" data-settings=\"{&quot;_animation&quot;:&quot;fadeInUp&quot;}\" data-widget_type=\"text-editor.default\">\n\t\t\t\t<div class=\"elementor-widget-container\">\n\t\t\t\t\t\t\t\t\t<p class=\"translation-block\"><strong>Hijos: <\/strong> La edad y el estado civil de sus hijos son factores importantes en el proceso de\ninmigraci\u00f3n. Para prop\u00f3sitos de inmigraci\u00f3n, un \u201cni\u00f1o\u201d es una persona soltera menor de\n21 a\u00f1os. Un \u201chijo\u201d o \u201chija\u201d es una persona casada o que tiene 21 a\u00f1os o m\u00e1s.<\/p>\n<p>Si usted es:<\/p>\n<ul>\n<li class=\"translation-block\"><span style=\"text-decoration: underline;\">U.S. citizen,<\/span> you can petition your children (unmarried and under 21); unmarried sons and daughters (21 or over); Married sons and daughters (any age) .<br><br><\/li>\n<li class=\"translation-block\"><span style=\"text-decoration: underline\">Residente permanente (titular de la Tarjeta Verde)<\/span> puede solicitar a sus hijos (solteros y menores de 21 a\u00f1os) y a sus hijos e hijas solteros (21 a\u00f1os o m\u00e1s).<\/li>\n<\/ul>\t\t\t\t\t\t\t\t<\/div>\n\t\t\t\t<\/div>\n\t\t\t\t<div class=\"elementor-element elementor-element-2f58f2ab elementor-widget-mobile__width-auto elementor-invisible elementor-widget elementor-widget-text-editor\" data-id=\"2f58f2ab\" data-element_type=\"widget\" data-e-type=\"widget\" data-settings=\"{&quot;_animation&quot;:&quot;fadeInUp&quot;}\" data-widget_type=\"text-editor.default\">\n\t\t\t\t<div class=\"elementor-widget-container\">\n\t\t\t\t\t\t\t\t\t<p>Los empleados de Keyworld Consultants no son abogados de inmigraci\u00f3n en los Estados Unidos. No podr\u00e1n dar asesoramiento legal en EE.UU. ni aceptar honorarios por asesoramiento legal.<\/p>\n<p><\/p>\t\t\t\t\t\t\t\t<\/div>\n\t\t\t\t<\/div>\n\t\t\t\t<div class=\"elementor-element elementor-element-f1a3303 elementor-widget elementor-widget-spacer\" data-id=\"f1a3303\" data-element_type=\"widget\" data-e-type=\"widget\" data-widget_type=\"spacer.default\">\n\t\t\t\t<div class=\"elementor-widget-container\">\n\t\t\t\t\t\t\t<div class=\"elementor-spacer\">\n\t\t\t<div class=\"elementor-spacer-inner\"><\/div>\n\t\t<\/div>\n\t\t\t\t\t\t<\/div>\n\t\t\t\t<\/div>\n\t\t\t\t\t<\/div>\n\t\t<\/div>\n\t\t\t\t\t<\/div>\n\t\t<\/section>\n\t\t\t\t<\/div>","protected":false},"excerpt":{"rendered":"<p>Family petitions (other relatives) Siblings:\u00a0To petition to bring your sibling (brother or sister) to live in the United States as a Green Card holder, you must be a U.S. citizen and at least 21 years of age.Permanent residents may not petition to bring siblings to live permanently in the United States. \u00a0 Parents: To petition [&hellip;]<\/p>","protected":false},"author":1,"featured_media":0,"parent":0,"menu_order":0,"comment_status":"closed","ping_status":"closed","template":"","meta":{"footnotes":""},"class_list":["post-1486","page","type-page","status-publish","hentry"],"_links":{"self":[{"href":"https:\/\/keyworldconsultants.com\/es\/wp-json\/wp\/v2\/pages\/1486","targetHints":{"allow":["GET"]}}],"collection":[{"href":"https:\/\/keyworldconsultants.com\/es\/wp-json\/wp\/v2\/pages"}],"about":[{"href":"https:\/\/keyworldconsultants.com\/es\/wp-json\/wp\/v2\/types\/page"}],"author":[{"embeddable":true,"href":"https:\/\/keyworldconsultants.com\/es\/wp-json\/wp\/v2\/users\/1"}],"replies":[{"embeddable":true,"href":"https:\/\/keyworldconsultants.com\/es\/wp-json\/wp\/v2\/comments?post=1486"}],"version-history":[{"count":65,"href":"https:\/\/keyworldconsultants.com\/es\/wp-json\/wp\/v2\/pages\/1486\/revisions"}],"predecessor-version":[{"id":3072,"href":"https:\/\/keyworldconsultants.com\/es\/wp-json\/wp\/v2\/pages\/1486\/revisions\/3072"}],"wp:attachment":[{"href":"https:\/\/keyworldconsultants.com\/es\/wp-json\/wp\/v2\/media?parent=1486"}],"curies":[{"name":"wp","href":"https:\/\/api.w.org\/{rel}","templated":true}]}}