{"id":1591,"date":"2024-06-26T00:26:35","date_gmt":"2024-06-26T05:26:35","guid":{"rendered":"https:\/\/keyworldconsultants.com\/?page_id=1591"},"modified":"2024-08-08T12:10:34","modified_gmt":"2024-08-08T17:10:34","slug":"petition-eb2","status":"publish","type":"page","link":"https:\/\/keyworldconsultants.com\/es\/petition-eb2\/","title":{"rendered":"Petici\u00f3n EB2-NIW (Exenci\u00f3n de Inter\u00e9s Nacional)"},"content":{"rendered":"<div data-elementor-type=\"wp-page\" data-elementor-id=\"1591\" class=\"elementor elementor-1591\" data-elementor-post-type=\"page\">\n\t\t\t\t\t\t<section class=\"elementor-section elementor-inner-section elementor-element elementor-element-35b60e91 elementor-section-boxed elementor-section-height-default elementor-section-height-default\" data-id=\"35b60e91\" data-element_type=\"section\" data-e-type=\"section\" data-settings=\"{&quot;background_background&quot;:&quot;classic&quot;}\">\n\t\t\t\t\t\t<div class=\"elementor-container elementor-column-gap-default\">\n\t\t\t\t\t<div class=\"elementor-column elementor-col-50 elementor-inner-column elementor-element elementor-element-1bd269d8 elementor-invisible\" data-id=\"1bd269d8\" data-element_type=\"column\" data-e-type=\"column\" data-settings=\"{&quot;background_background&quot;:&quot;slideshow&quot;,&quot;animation&quot;:&quot;fadeInLeft&quot;,&quot;background_slideshow_gallery&quot;:[],&quot;background_slideshow_loop&quot;:&quot;yes&quot;,&quot;background_slideshow_slide_duration&quot;:5000,&quot;background_slideshow_slide_transition&quot;:&quot;fade&quot;,&quot;background_slideshow_transition_duration&quot;:500}\">\n\t\t\t<div class=\"elementor-widget-wrap elementor-element-populated\">\n\t\t\t\t\t\t<div class=\"elementor-element elementor-element-38e708de elementor-widget elementor-widget-image\" data-id=\"38e708de\" data-element_type=\"widget\" data-e-type=\"widget\" data-widget_type=\"image.default\">\n\t\t\t\t<div class=\"elementor-widget-container\">\n\t\t\t\t\t\t\t\t\t\t\t\t\t\t\t<img fetchpriority=\"high\" decoding=\"async\" width=\"2560\" height=\"1697\" src=\"https:\/\/keyworldconsultants.com\/wp-content\/uploads\/2024\/07\/woman-waving-wide-american-flag-background-business-center-scaled.jpg\" class=\"attachment-full size-full wp-image-2558\" alt=\"\" srcset=\"https:\/\/keyworldconsultants.com\/wp-content\/uploads\/2024\/07\/woman-waving-wide-american-flag-background-business-center-scaled.jpg 2560w, https:\/\/keyworldconsultants.com\/wp-content\/uploads\/2024\/07\/woman-waving-wide-american-flag-background-business-center-300x199.jpg 300w, https:\/\/keyworldconsultants.com\/wp-content\/uploads\/2024\/07\/woman-waving-wide-american-flag-background-business-center-1024x679.jpg 1024w, https:\/\/keyworldconsultants.com\/wp-content\/uploads\/2024\/07\/woman-waving-wide-american-flag-background-business-center-768x509.jpg 768w, https:\/\/keyworldconsultants.com\/wp-content\/uploads\/2024\/07\/woman-waving-wide-american-flag-background-business-center-1536x1018.jpg 1536w, https:\/\/keyworldconsultants.com\/wp-content\/uploads\/2024\/07\/woman-waving-wide-american-flag-background-business-center-2048x1358.jpg 2048w, https:\/\/keyworldconsultants.com\/wp-content\/uploads\/2024\/07\/woman-waving-wide-american-flag-background-business-center-18x12.jpg 18w\" sizes=\"(max-width: 2560px) 100vw, 2560px\" \/>\t\t\t\t\t\t\t\t\t\t\t\t\t\t\t<\/div>\n\t\t\t\t<\/div>\n\t\t\t\t\t<\/div>\n\t\t<\/div>\n\t\t\t\t<div class=\"elementor-column elementor-col-50 elementor-inner-column elementor-element elementor-element-169a9aae elementor-invisible\" data-id=\"169a9aae\" data-element_type=\"column\" data-e-type=\"column\" data-settings=\"{&quot;background_background&quot;:&quot;classic&quot;,&quot;animation&quot;:&quot;fadeInRight&quot;}\">\n\t\t\t<div class=\"elementor-widget-wrap elementor-element-populated\">\n\t\t\t\t\t\t<div class=\"elementor-element elementor-element-404320b5 elementor-invisible elementor-widget elementor-widget-heading\" data-id=\"404320b5\" data-element_type=\"widget\" data-e-type=\"widget\" data-settings=\"{&quot;_animation&quot;:&quot;fadeInDown&quot;}\" data-widget_type=\"heading.default\">\n\t\t\t\t<div class=\"elementor-widget-container\">\n\t\t\t\t\t<h2 class=\"elementor-heading-title elementor-size-default\">Petici\u00f3n EB2-NIW (Exenci\u00f3n de Inter\u00e9s Nacional)<\/h2>\t\t\t\t<\/div>\n\t\t\t\t<\/div>\n\t\t\t\t<div class=\"elementor-element elementor-element-180e9538 elementor-widget-divider--view-line elementor-invisible elementor-widget elementor-widget-divider\" data-id=\"180e9538\" data-element_type=\"widget\" data-e-type=\"widget\" data-settings=\"{&quot;_animation&quot;:&quot;fadeInDown&quot;}\" data-widget_type=\"divider.default\">\n\t\t\t\t<div class=\"elementor-widget-container\">\n\t\t\t\t\t\t\t<div class=\"elementor-divider\">\n\t\t\t<span class=\"elementor-divider-separator\">\n\t\t\t\t\t\t<\/span>\n\t\t<\/div>\n\t\t\t\t\t\t<\/div>\n\t\t\t\t<\/div>\n\t\t\t\t<div class=\"elementor-element elementor-element-60f798ac elementor-widget-mobile__width-auto elementor-invisible elementor-widget elementor-widget-text-editor\" data-id=\"60f798ac\" data-element_type=\"widget\" data-e-type=\"widget\" data-settings=\"{&quot;_animation&quot;:&quot;fadeInUp&quot;}\" data-widget_type=\"text-editor.default\">\n\t\t\t\t<div class=\"elementor-widget-container\">\n\t\t\t\t\t\t\t\t\t<p>The national interest waiver (NIW) is&nbsp;a powerful option for certain highly qualified people to get a green card to the United States through self-petition. With an approved national interest waiver, someone can get a green card without having a job offer. In addition, to be considered for EB-2 NIW eligibility, you need an advanced degree\u2014this means&nbsp;a master&#8217;<span style=\"color: var( --e-global-color-text ); font-family: -apple-system, BlinkMacSystemFont, &quot;Segoe UI&quot;, Roboto, &quot;Helvetica Neue&quot;, Arial, &quot;Noto Sans&quot;, sans-serif, &quot;Apple Color Emoji&quot;, &quot;Segoe UI Emoji&quot;, &quot;Segoe UI Symbol&quot;, &quot;Noto Color Emoji&quot;; font-size: 1rem;\">s degree or higher or a foreign equivalent. If you only have a bachelor&#8217;s degree, an additional five years of experience is necessary to apply.<\/span><\/p>\t\t\t\t\t\t\t\t<\/div>\n\t\t\t\t<\/div>\n\t\t\t\t<div class=\"elementor-element elementor-element-36e227cf elementor-widget-mobile__width-auto elementor-invisible elementor-widget elementor-widget-text-editor\" data-id=\"36e227cf\" data-element_type=\"widget\" data-e-type=\"widget\" data-settings=\"{&quot;_animation&quot;:&quot;fadeInUp&quot;}\" data-widget_type=\"text-editor.default\">\n\t\t\t\t<div class=\"elementor-widget-container\">\n\t\t\t\t\t\t\t\t\t<p class=\"translation-block\">Los empleados de Keyworld Consultants no son abogados de inmigraci\u00f3n en los Estados Unidos. No podr\u00e1n dar asesoramiento legal en EE.UU.\nni aceptar honorarios por asesoramiento legal<\/p>\n<p><\/p>\t\t\t\t\t\t\t\t<\/div>\n\t\t\t\t<\/div>\n\t\t\t\t\t<\/div>\n\t\t<\/div>\n\t\t\t\t\t<\/div>\n\t\t<\/section>\n\t\t\t\t<\/div>","protected":false},"excerpt":{"rendered":"<p>Petition EB2-NIW (National Interest Waiver) The national interest waiver (NIW) is&nbsp;a powerful option for certain highly qualified people to get a green card to the United States through self-petition. With an approved national interest waiver, someone can get a green card without having a job offer. In addition, to be considered for EB-2 NIW eligibility, [&hellip;]<\/p>","protected":false},"author":1,"featured_media":0,"parent":0,"menu_order":0,"comment_status":"closed","ping_status":"closed","template":"","meta":{"footnotes":""},"class_list":["post-1591","page","type-page","status-publish","hentry"],"_links":{"self":[{"href":"https:\/\/keyworldconsultants.com\/es\/wp-json\/wp\/v2\/pages\/1591","targetHints":{"allow":["GET"]}}],"collection":[{"href":"https:\/\/keyworldconsultants.com\/es\/wp-json\/wp\/v2\/pages"}],"about":[{"href":"https:\/\/keyworldconsultants.com\/es\/wp-json\/wp\/v2\/types\/page"}],"author":[{"embeddable":true,"href":"https:\/\/keyworldconsultants.com\/es\/wp-json\/wp\/v2\/users\/1"}],"replies":[{"embeddable":true,"href":"https:\/\/keyworldconsultants.com\/es\/wp-json\/wp\/v2\/comments?post=1591"}],"version-history":[{"count":38,"href":"https:\/\/keyworldconsultants.com\/es\/wp-json\/wp\/v2\/pages\/1591\/revisions"}],"predecessor-version":[{"id":2862,"href":"https:\/\/keyworldconsultants.com\/es\/wp-json\/wp\/v2\/pages\/1591\/revisions\/2862"}],"wp:attachment":[{"href":"https:\/\/keyworldconsultants.com\/es\/wp-json\/wp\/v2\/media?parent=1591"}],"curies":[{"name":"wp","href":"https:\/\/api.w.org\/{rel}","templated":true}]}}