{"id":196,"date":"2024-05-23T23:24:28","date_gmt":"2024-05-24T04:24:28","guid":{"rendered":"https:\/\/keyworldconsultants.com\/?page_id=196"},"modified":"2024-12-04T22:31:05","modified_gmt":"2024-12-05T03:31:05","slug":"about-us","status":"publish","type":"page","link":"https:\/\/keyworldconsultants.com\/es\/about-us\/","title":{"rendered":"Acerca de nosotros"},"content":{"rendered":"<div data-elementor-type=\"wp-page\" data-elementor-id=\"196\" class=\"elementor elementor-196\" data-elementor-post-type=\"page\">\n\t\t\t\t\t\t<section class=\"elementor-section elementor-top-section elementor-element elementor-element-339f9cb6 elementor-section-height-min-height elementor-section-items-stretch elementor-section-boxed elementor-section-height-default\" data-id=\"339f9cb6\" data-element_type=\"section\" data-e-type=\"section\" data-settings=\"{&quot;background_background&quot;:&quot;classic&quot;}\">\n\t\t\t\t\t\t\t<div class=\"elementor-background-overlay\"><\/div>\n\t\t\t\t\t\t\t<div class=\"elementor-container elementor-column-gap-default\">\n\t\t\t\t\t<div class=\"elementor-column elementor-col-100 elementor-top-column elementor-element elementor-element-3d65a227\" data-id=\"3d65a227\" data-element_type=\"column\" data-e-type=\"column\">\n\t\t\t<div class=\"elementor-widget-wrap elementor-element-populated\">\n\t\t\t\t\t\t<div class=\"elementor-element elementor-element-330ba16d elementor-invisible elementor-widget elementor-widget-heading\" data-id=\"330ba16d\" data-element_type=\"widget\" data-e-type=\"widget\" data-settings=\"{&quot;_animation&quot;:&quot;fadeInLeft&quot;}\" data-widget_type=\"heading.default\">\n\t\t\t\t<div class=\"elementor-widget-container\">\n\t\t\t\t\t<h1 class=\"elementor-heading-title elementor-size-default\">SOBRE NOSOTROS<\/h1>\t\t\t\t<\/div>\n\t\t\t\t<\/div>\n\t\t\t\t\t<\/div>\n\t\t<\/div>\n\t\t\t\t\t<\/div>\n\t\t<\/section>\n\t\t\t\t<section class=\"elementor-section elementor-top-section elementor-element elementor-element-356a0e15 elementor-section-boxed elementor-section-height-default elementor-section-height-default\" data-id=\"356a0e15\" data-element_type=\"section\" data-e-type=\"section\">\n\t\t\t\t\t\t<div class=\"elementor-container elementor-column-gap-no\">\n\t\t\t\t\t<div class=\"elementor-column elementor-col-100 elementor-top-column elementor-element elementor-element-6053fa4d\" data-id=\"6053fa4d\" data-element_type=\"column\" data-e-type=\"column\">\n\t\t\t<div class=\"elementor-widget-wrap elementor-element-populated\">\n\t\t\t\t\t\t<section class=\"elementor-section elementor-inner-section elementor-element elementor-element-30bcb524 elementor-section-content-middle elementor-section-boxed elementor-section-height-default elementor-section-height-default elementor-invisible\" data-id=\"30bcb524\" data-element_type=\"section\" data-e-type=\"section\" data-settings=\"{&quot;animation&quot;:&quot;fadeInLeft&quot;}\">\n\t\t\t\t\t\t<div class=\"elementor-container elementor-column-gap-no\">\n\t\t\t\t\t<div class=\"elementor-column elementor-col-50 elementor-inner-column elementor-element elementor-element-48f661be\" data-id=\"48f661be\" data-element_type=\"column\" data-e-type=\"column\">\n\t\t\t<div class=\"elementor-widget-wrap elementor-element-populated\">\n\t\t\t\t\t\t<div class=\"elementor-element elementor-element-17506f1 elementor-widget elementor-widget-image\" data-id=\"17506f1\" data-element_type=\"widget\" data-e-type=\"widget\" data-widget_type=\"image.default\">\n\t\t\t\t<div class=\"elementor-widget-container\">\n\t\t\t\t\t\t\t\t\t\t\t\t\t\t\t<img fetchpriority=\"high\" decoding=\"async\" width=\"784\" height=\"1024\" src=\"https:\/\/keyworldconsultants.com\/wp-content\/uploads\/2024\/06\/DSC06318-1-784x1024.jpg\" class=\"attachment-large size-large wp-image-1584\" alt=\"\" srcset=\"https:\/\/keyworldconsultants.com\/wp-content\/uploads\/2024\/06\/DSC06318-1-784x1024.jpg 784w, https:\/\/keyworldconsultants.com\/wp-content\/uploads\/2024\/06\/DSC06318-1-230x300.jpg 230w, https:\/\/keyworldconsultants.com\/wp-content\/uploads\/2024\/06\/DSC06318-1-768x1003.jpg 768w, https:\/\/keyworldconsultants.com\/wp-content\/uploads\/2024\/06\/DSC06318-1-1176x1536.jpg 1176w, https:\/\/keyworldconsultants.com\/wp-content\/uploads\/2024\/06\/DSC06318-1-1568x2048.jpg 1568w, https:\/\/keyworldconsultants.com\/wp-content\/uploads\/2024\/06\/DSC06318-1-9x12.jpg 9w, https:\/\/keyworldconsultants.com\/wp-content\/uploads\/2024\/06\/DSC06318-1-scaled.jpg 1960w\" sizes=\"(max-width: 784px) 100vw, 784px\" \/>\t\t\t\t\t\t\t\t\t\t\t\t\t\t\t<\/div>\n\t\t\t\t<\/div>\n\t\t\t\t\t<\/div>\n\t\t<\/div>\n\t\t\t\t<div class=\"elementor-column elementor-col-50 elementor-inner-column elementor-element elementor-element-46527002 elementor-invisible\" data-id=\"46527002\" data-element_type=\"column\" data-e-type=\"column\" data-settings=\"{&quot;animation&quot;:&quot;fadeInDown&quot;}\">\n\t\t\t<div class=\"elementor-widget-wrap elementor-element-populated\">\n\t\t\t\t\t\t<div class=\"elementor-element elementor-element-2f5f7ffd elementor-widget elementor-widget-text-editor\" data-id=\"2f5f7ffd\" data-element_type=\"widget\" data-e-type=\"widget\" data-widget_type=\"text-editor.default\">\n\t\t\t\t<div class=\"elementor-widget-container\">\n\t\t\t\t\t\t\t\t\t<p><strong>Keyworld Consultants<\/strong>\u00a0opera como proveedor de servicios de consultor\u00eda con sede en el estado de la Florida en los Estados Unidos. La Compa\u00f1\u00eda se especializa en servicios de consultor\u00eda de negocios y asuntos relacionados con la industria relacionados con transacciones comerciales y formaci\u00f3n de negocios en los EE. UU. Tambi\u00e9n contamos con profesionales de alta calidad y alianzas estrategicas en Colombia y Am\u00e9rica Latina, donde nuestro enfoque tambi\u00e9n est\u00e1 en servicios de consultor\u00eda legal y de negocios brindados exclusivamente en estos pa\u00edses.  La Compa\u00f1\u00eda se dirigir\u00e1 a clientes comerciales que operan en una amplia gama de industrias tanto en Am\u00e9rica Latina como en los EE. UU.<\/p>\t\t\t\t\t\t\t\t<\/div>\n\t\t\t\t<\/div>\n\t\t\t\t<div class=\"elementor-element elementor-element-a073698 elementor-widget elementor-widget-text-editor\" data-id=\"a073698\" data-element_type=\"widget\" data-e-type=\"widget\" data-widget_type=\"text-editor.default\">\n\t\t\t\t<div class=\"elementor-widget-container\">\n\t\t\t\t\t\t\t\t\t<p>En\u00a0<strong>Keyworld Consultants<\/strong>, entendemos cu\u00e1n complejo y desalentador puede ser el proceso de inmigraci\u00f3n a los Estados Unidos para individuos, familias y empresas. Nuestro equipo se esfuerza por brindar servicios honestos y confiables en el procesamiento de su caso para ayudarlo a navegar por el sistema de inmigraci\u00f3n de los  Estados Unidos.<\/p>\t\t\t\t\t\t\t\t<\/div>\n\t\t\t\t<\/div>\n\t\t\t\t<div class=\"elementor-element elementor-element-f40d39e elementor-widget elementor-widget-text-editor\" data-id=\"f40d39e\" data-element_type=\"widget\" data-e-type=\"widget\" data-widget_type=\"text-editor.default\">\n\t\t\t\t<div class=\"elementor-widget-container\">\n\t\t\t\t\t\t\t\t\t<p><strong>Keyworld Consultants<\/strong>\u00a0se dedica a crear una experiencia \u00fanica para el cliente a trav\u00e9s de relaciones excepcionales con los clientes y servicios de alta calidad. La Compa\u00f1\u00eda contrata s\u00f3lo a las personas m\u00e1s calificadas que mantienen un alto nivel de calidad de productos y servicios mientras atienden a cada cliente de la manera m\u00e1s profesional. Nos apasiona servir a los dem\u00e1s y respetamos su confianza en nuestros servicios. Cuando elige trabajar con nuestra Compa\u00f1\u00eda, puede esperar una comunicaci\u00f3n clara, una orientaci\u00f3n compasiva y un servicio excepcional para mejorar su vida a lo largo de su viaje.<\/p>\t\t\t\t\t\t\t\t<\/div>\n\t\t\t\t<\/div>\n\t\t\t\t<div class=\"elementor-element elementor-element-84d37c3 elementor-widget elementor-widget-text-editor\" data-id=\"84d37c3\" data-element_type=\"widget\" data-e-type=\"widget\" data-widget_type=\"text-editor.default\">\n\t\t\t\t<div class=\"elementor-widget-container\">\n\t\t\t\t\t\t\t\t\t<p>Los empleados de Keyworld Consultants no son abogados de inmigraci\u00f3n en los Estados Unidos. No podr\u00e1n dar asesoramiento legal en EE.UU. ni aceptar honorarios por asesoramiento legal.<\/p>\t\t\t\t\t\t\t\t<\/div>\n\t\t\t\t<\/div>\n\t\t\t\t\t<\/div>\n\t\t<\/div>\n\t\t\t\t\t<\/div>\n\t\t<\/section>\n\t\t\t\t\t<\/div>\n\t\t<\/div>\n\t\t\t\t\t<\/div>\n\t\t<\/section>\n\t\t\t\t<\/div>","protected":false},"excerpt":{"rendered":"<p>ABOUT US Keyworld Consultants\u00a0conducts business as a consulting services provider based in Florida, USA. The Company specializes in business consulting services \u00a0and industry-related matters regarding business transactions and business formation in the U.S. We also have high-quality professionals\u00a0 in Colombia and Latin America, where our focus is also on legal and business consulting services provided [&hellip;]<\/p>","protected":false},"author":1,"featured_media":0,"parent":0,"menu_order":0,"comment_status":"closed","ping_status":"closed","template":"","meta":{"footnotes":""},"class_list":["post-196","page","type-page","status-publish","hentry"],"_links":{"self":[{"href":"https:\/\/keyworldconsultants.com\/es\/wp-json\/wp\/v2\/pages\/196","targetHints":{"allow":["GET"]}}],"collection":[{"href":"https:\/\/keyworldconsultants.com\/es\/wp-json\/wp\/v2\/pages"}],"about":[{"href":"https:\/\/keyworldconsultants.com\/es\/wp-json\/wp\/v2\/types\/page"}],"author":[{"embeddable":true,"href":"https:\/\/keyworldconsultants.com\/es\/wp-json\/wp\/v2\/users\/1"}],"replies":[{"embeddable":true,"href":"https:\/\/keyworldconsultants.com\/es\/wp-json\/wp\/v2\/comments?post=196"}],"version-history":[{"count":58,"href":"https:\/\/keyworldconsultants.com\/es\/wp-json\/wp\/v2\/pages\/196\/revisions"}],"predecessor-version":[{"id":3042,"href":"https:\/\/keyworldconsultants.com\/es\/wp-json\/wp\/v2\/pages\/196\/revisions\/3042"}],"wp:attachment":[{"href":"https:\/\/keyworldconsultants.com\/es\/wp-json\/wp\/v2\/media?parent=196"}],"curies":[{"name":"wp","href":"https:\/\/api.w.org\/{rel}","templated":true}]}}