{"id":418,"date":"2024-06-18T23:47:46","date_gmt":"2024-06-19T04:47:46","guid":{"rendered":"https:\/\/keyworldconsultants.com\/?page_id=418"},"modified":"2024-07-01T00:18:16","modified_gmt":"2024-07-01T05:18:16","slug":"perfil-andrea","status":"publish","type":"page","link":"https:\/\/keyworldconsultants.com\/es\/perfil-andrea\/","title":{"rendered":"Perfil Andrea"},"content":{"rendered":"<div data-elementor-type=\"wp-page\" data-elementor-id=\"418\" class=\"elementor elementor-418\" data-elementor-post-type=\"page\">\n\t\t\t\t\t\t<section class=\"elementor-section elementor-top-section elementor-element elementor-element-1a4a31d3 elementor-section-boxed elementor-section-height-default elementor-section-height-default\" data-id=\"1a4a31d3\" data-element_type=\"section\" data-e-type=\"section\" id=\"Perfil-Andrea\">\n\t\t\t\t\t\t<div class=\"elementor-container elementor-column-gap-default\">\n\t\t\t\t\t<div class=\"elementor-column elementor-col-50 elementor-top-column elementor-element elementor-element-3419984c\" data-id=\"3419984c\" data-element_type=\"column\" data-e-type=\"column\" data-settings=\"{&quot;background_background&quot;:&quot;classic&quot;}\">\n\t\t\t<div class=\"elementor-widget-wrap elementor-element-populated\">\n\t\t\t\t\t\t<section class=\"elementor-section elementor-inner-section elementor-element elementor-element-367ccde9 elementor-section-full_width elementor-section-height-default elementor-section-height-default\" data-id=\"367ccde9\" data-element_type=\"section\" data-e-type=\"section\" data-settings=\"{&quot;background_background&quot;:&quot;classic&quot;}\">\n\t\t\t\t\t\t<div class=\"elementor-container elementor-column-gap-default\">\n\t\t\t\t\t<div class=\"elementor-column elementor-col-100 elementor-inner-column elementor-element elementor-element-1bdc948d\" data-id=\"1bdc948d\" data-element_type=\"column\" data-e-type=\"column\" data-settings=\"{&quot;background_background&quot;:&quot;classic&quot;}\">\n\t\t\t<div class=\"elementor-widget-wrap elementor-element-populated\">\n\t\t\t\t\t\t<div class=\"elementor-element elementor-element-7c5fd666 elementor-widget elementor-widget-image\" data-id=\"7c5fd666\" data-element_type=\"widget\" data-e-type=\"widget\" data-widget_type=\"image.default\">\n\t\t\t\t<div class=\"elementor-widget-container\">\n\t\t\t\t\t\t\t\t\t\t\t\t\t\t\t<img fetchpriority=\"high\" decoding=\"async\" width=\"1080\" height=\"1920\" src=\"https:\/\/keyworldconsultants.com\/wp-content\/uploads\/2024\/06\/Sin-titulo-Tu-historia-2.png\" class=\"attachment-full size-full wp-image-1957\" alt=\"\" srcset=\"https:\/\/keyworldconsultants.com\/wp-content\/uploads\/2024\/06\/Sin-titulo-Tu-historia-2.png 1080w, https:\/\/keyworldconsultants.com\/wp-content\/uploads\/2024\/06\/Sin-titulo-Tu-historia-2-169x300.png 169w, https:\/\/keyworldconsultants.com\/wp-content\/uploads\/2024\/06\/Sin-titulo-Tu-historia-2-576x1024.png 576w, https:\/\/keyworldconsultants.com\/wp-content\/uploads\/2024\/06\/Sin-titulo-Tu-historia-2-768x1365.png 768w, https:\/\/keyworldconsultants.com\/wp-content\/uploads\/2024\/06\/Sin-titulo-Tu-historia-2-864x1536.png 864w, https:\/\/keyworldconsultants.com\/wp-content\/uploads\/2024\/06\/Sin-titulo-Tu-historia-2-7x12.png 7w\" sizes=\"(max-width: 1080px) 100vw, 1080px\" \/>\t\t\t\t\t\t\t\t\t\t\t\t\t\t\t<\/div>\n\t\t\t\t<\/div>\n\t\t\t\t<div class=\"elementor-element elementor-element-55f640d elementor-widget__width-initial elementor-widget elementor-widget-heading\" data-id=\"55f640d\" data-element_type=\"widget\" data-e-type=\"widget\" data-widget_type=\"heading.default\">\n\t\t\t\t<div class=\"elementor-widget-container\">\n\t\t\t\t\t<h4 class=\"elementor-heading-title elementor-size-default\">CEO\/Fundador<\/h4>\t\t\t\t<\/div>\n\t\t\t\t<\/div>\n\t\t\t\t<div class=\"elementor-element elementor-element-4909654 elementor-widget__width-initial elementor-widget elementor-widget-heading\" data-id=\"4909654\" data-element_type=\"widget\" data-e-type=\"widget\" data-widget_type=\"heading.default\">\n\t\t\t\t<div class=\"elementor-widget-container\">\n\t\t\t\t\t<h4 class=\"elementor-heading-title elementor-size-default\">agaleano@keyworldconsultants.com<\/h4>\t\t\t\t<\/div>\n\t\t\t\t<\/div>\n\t\t\t\t\t<\/div>\n\t\t<\/div>\n\t\t\t\t\t<\/div>\n\t\t<\/section>\n\t\t\t\t\t<\/div>\n\t\t<\/div>\n\t\t\t\t<div class=\"elementor-column elementor-col-50 elementor-top-column elementor-element elementor-element-37f99962\" data-id=\"37f99962\" data-element_type=\"column\" data-e-type=\"column\">\n\t\t\t<div class=\"elementor-widget-wrap elementor-element-populated\">\n\t\t\t\t\t\t<div class=\"elementor-element elementor-element-584fd88c elementor-widget elementor-widget-heading\" data-id=\"584fd88c\" data-element_type=\"widget\" data-e-type=\"widget\" data-widget_type=\"heading.default\">\n\t\t\t\t<div class=\"elementor-widget-container\">\n\t\t\t\t\t<h4 class=\"elementor-heading-title elementor-size-default\">Andrea Galeano<\/h4>\t\t\t\t<\/div>\n\t\t\t\t<\/div>\n\t\t\t\t<div class=\"elementor-element elementor-element-9721a6f elementor-widget elementor-widget-text-editor\" data-id=\"9721a6f\" data-element_type=\"widget\" data-e-type=\"widget\" data-widget_type=\"text-editor.default\">\n\t\t\t\t<div class=\"elementor-widget-container\">\n\t\t\t\t\t\t\t\t\t<p class=\"translation-block\">Andrea Galeano es una abogada licenciada y autorizada para ejercer abogac\u00eda en Colombia. Obtuvo su t\u00edtulo de abogado en Colombia en la Facultad de Derecho de la Universidad Externado de Colombia. Posteriormente obtuvo una especializaci\u00f3n en Derecho Comercial de la Universidad Externado de Colombia, una especializaci\u00f3n en Derecho Internacional de los Negocios de la Universidad de los Andes de Colombia. En 2018, obtuvo su LLM (Maestr\u00eda en Derecho) en Derecho de los Negocios en el Colegio de Leyes de Florida State University en los Estados Unidos.<\/p>\t\t\t\t\t\t\t\t<\/div>\n\t\t\t\t<\/div>\n\t\t\t\t<div class=\"elementor-element elementor-element-ae6adba elementor-widget elementor-widget-text-editor\" data-id=\"ae6adba\" data-element_type=\"widget\" data-e-type=\"widget\" data-widget_type=\"text-editor.default\">\n\t\t\t\t<div class=\"elementor-widget-container\">\n\t\t\t\t\t\t\t\t\t<p class=\"translation-block\">Andrea trabaj\u00f3 durante cuatro a\u00f1os como directora del equipo Legal de una empresa minera\ncolombiana con transacciones y operaciones comerciales internacionales. Posteriormente trabaj\u00f3\ncomo in-housel counsel para una empresa canadiense con operaciones en Am\u00e9rica Latina. Tiene m\u00e1s de 10 a\u00f1os de experiencia y conocimiento legal en negociaciones internacionales brindando apoyo a Colombia y LATAM y algunos pa\u00edses de Europa. En Estados Unidos trabaj\u00f3 durante casi 5 a\u00f1os como Contract Manager en Siemens Gamesa Renewable Energy. Posteriormente trabaj\u00f3 como\nLegal Contract Manager en Axon Enterprise Inc.<\/p>\t\t\t\t\t\t\t\t<\/div>\n\t\t\t\t<\/div>\n\t\t\t\t<div class=\"elementor-element elementor-element-caa18f9 elementor-widget elementor-widget-text-editor\" data-id=\"caa18f9\" data-element_type=\"widget\" data-e-type=\"widget\" data-widget_type=\"text-editor.default\">\n\t\t\t\t<div class=\"elementor-widget-container\">\n\t\t\t\t\t\t\t\t\t<p class=\"translation-block\">Andrea Galeano naci\u00f3 en Bogot\u00e1, Colombia. Despu\u00e9s de emigrar a los Estados Unidos, conoci\u00f3 de\nprimera mano la experiencia del Sistema Migratorio de los Estados Unidos debido a su propia\nhistoria y los diferentes estatus migratorios que le otorgaron antes de obtener su residencia\npermanente. Tambi\u00e9n entiende los diferentes desaf\u00edos que los inmigrantes deben enfrentar en\nEstados Unidos al tratar de encontrar formas legales de permanecer en Estados Unidos como\ntrabajadores, familiares de ciudadan\u00eda o residentes permanentes, c\u00f3nyuges, estudiantes, turistas,\nempresarios y otros. Por eso decidi\u00f3 iniciar su propia empresa de consultor\u00eda, ofreciendo servicios\nde inmigraci\u00f3n a inmigrantes en la preparaci\u00f3n de sus casos.<\/p>\t\t\t\t\t\t\t\t<\/div>\n\t\t\t\t<\/div>\n\t\t\t\t<div class=\"elementor-element elementor-element-1026bbf elementor-widget elementor-widget-text-editor\" data-id=\"1026bbf\" data-element_type=\"widget\" data-e-type=\"widget\" data-widget_type=\"text-editor.default\">\n\t\t\t\t<div class=\"elementor-widget-container\">\n\t\t\t\t\t\t\t\t\t<p class=\"translation-block\">Le apasiona alentar a los emprendedores que est\u00e1n en el proceso de iniciar su propio negocio en\nlos EE. UU. Ha ayudado a muchas personas en el proceso de formaci\u00f3n de negocios en los EE.\nUU.<\/p>\t\t\t\t\t\t\t\t<\/div>\n\t\t\t\t<\/div>\n\t\t\t\t<div class=\"elementor-element elementor-element-5aad21 elementor-widget elementor-widget-text-editor\" data-id=\"5aad21\" data-element_type=\"widget\" data-e-type=\"widget\" data-widget_type=\"text-editor.default\">\n\t\t\t\t<div class=\"elementor-widget-container\">\n\t\t\t\t\t\t\t\t\t<p>\u00a0<\/p><p>Adriana no tiene licencia para practicar leyes en los estados unidos, sus servicios no son ofrecidos como asesor jur\u00eddico o de asesor legal\nen los Estados Unidos<\/p>\t\t\t\t\t\t\t\t<\/div>\n\t\t\t\t<\/div>\n\t\t\t\t<div class=\"elementor-element elementor-element-10c5e2a3 elementor-widget elementor-widget-heading\" data-id=\"10c5e2a3\" data-element_type=\"widget\" data-e-type=\"widget\" data-widget_type=\"heading.default\">\n\t\t\t\t<div class=\"elementor-widget-container\">\n\t\t\t\t\t<h4 class=\"elementor-heading-title elementor-size-default\">Educaci\u00f3n<\/h4>\t\t\t\t<\/div>\n\t\t\t\t<\/div>\n\t\t\t\t<div class=\"elementor-element elementor-element-7eaaa055 elementor-widget__width-auto elementor-widget-divider--view-line elementor-widget elementor-widget-divider\" data-id=\"7eaaa055\" data-element_type=\"widget\" data-e-type=\"widget\" data-widget_type=\"divider.default\">\n\t\t\t\t<div class=\"elementor-widget-container\">\n\t\t\t\t\t\t\t<div class=\"elementor-divider\">\n\t\t\t<span class=\"elementor-divider-separator\">\n\t\t\t\t\t\t<\/span>\n\t\t<\/div>\n\t\t\t\t\t\t<\/div>\n\t\t\t\t<\/div>\n\t\t\t\t<div class=\"elementor-element elementor-element-dfe5958 elementor-widget elementor-widget-text-editor\" data-id=\"dfe5958\" data-element_type=\"widget\" data-e-type=\"widget\" data-widget_type=\"text-editor.default\">\n\t\t\t\t<div class=\"elementor-widget-container\">\n\t\t\t\t\t\t\t\t\t<ul>\n<li>&nbsp;LLM in Business Law, Florida State University, College of law, 2018<\/li>\n<\/ul>\t\t\t\t\t\t\t\t<\/div>\n\t\t\t\t<\/div>\n\t\t\t\t<div class=\"elementor-element elementor-element-47989065 elementor-widget elementor-widget-text-editor\" data-id=\"47989065\" data-element_type=\"widget\" data-e-type=\"widget\" data-widget_type=\"text-editor.default\">\n\t\t\t\t<div class=\"elementor-widget-container\">\n\t\t\t\t\t\t\t\t\t<ul><li>\u00a0Especializaci\u00f3n en Derecho de los Negocios Internacionales, Universidad de los Andes de Colombia, 2015<\/li><\/ul>\t\t\t\t\t\t\t\t<\/div>\n\t\t\t\t<\/div>\n\t\t\t\t<div class=\"elementor-element elementor-element-6dba863e elementor-widget elementor-widget-text-editor\" data-id=\"6dba863e\" data-element_type=\"widget\" data-e-type=\"widget\" data-widget_type=\"text-editor.default\">\n\t\t\t\t<div class=\"elementor-widget-container\">\n\t\t\t\t\t\t\t\t\t<ul><li>Especializaci\u00f3n en Derecho Comercial, Universidad Externado de Colombia, 2008<\/li><\/ul>\t\t\t\t\t\t\t\t<\/div>\n\t\t\t\t<\/div>\n\t\t\t\t<div class=\"elementor-element elementor-element-31f48814 elementor-widget elementor-widget-text-editor\" data-id=\"31f48814\" data-element_type=\"widget\" data-e-type=\"widget\" data-widget_type=\"text-editor.default\">\n\t\t\t\t<div class=\"elementor-widget-container\">\n\t\t\t\t\t\t\t\t\t<ul><li>Juris Doctor., Universidad Externado de Colombia, 2006<\/li><\/ul>\t\t\t\t\t\t\t\t<\/div>\n\t\t\t\t<\/div>\n\t\t\t\t<div class=\"elementor-element elementor-element-b55bc30 elementor-widget elementor-widget-heading\" data-id=\"b55bc30\" data-element_type=\"widget\" data-e-type=\"widget\" data-widget_type=\"heading.default\">\n\t\t\t\t<div class=\"elementor-widget-container\">\n\t\t\t\t\t<h4 class=\"elementor-heading-title elementor-size-default\">Membres\u00edas<\/h4>\t\t\t\t<\/div>\n\t\t\t\t<\/div>\n\t\t\t\t<div class=\"elementor-element elementor-element-5a530004 elementor-widget__width-auto elementor-widget-divider--view-line elementor-widget elementor-widget-divider\" data-id=\"5a530004\" data-element_type=\"widget\" data-e-type=\"widget\" data-widget_type=\"divider.default\">\n\t\t\t\t<div class=\"elementor-widget-container\">\n\t\t\t\t\t\t\t<div class=\"elementor-divider\">\n\t\t\t<span class=\"elementor-divider-separator\">\n\t\t\t\t\t\t<\/span>\n\t\t<\/div>\n\t\t\t\t\t\t<\/div>\n\t\t\t\t<\/div>\n\t\t\t\t<div class=\"elementor-element elementor-element-253eeea1 elementor-widget elementor-widget-text-editor\" data-id=\"253eeea1\" data-element_type=\"widget\" data-e-type=\"widget\" data-widget_type=\"text-editor.default\">\n\t\t\t\t<div class=\"elementor-widget-container\">\n\t\t\t\t\t\t\t\t\t<ul><li>La Asociaci\u00f3n de la Barra de Colombia.<\/li><\/ul>\t\t\t\t\t\t\t\t<\/div>\n\t\t\t\t<\/div>\n\t\t\t\t<div class=\"elementor-element elementor-element-4f9d70e6 elementor-widget elementor-widget-heading\" data-id=\"4f9d70e6\" data-element_type=\"widget\" data-e-type=\"widget\" data-widget_type=\"heading.default\">\n\t\t\t\t<div class=\"elementor-widget-container\">\n\t\t\t\t\t<h4 class=\"elementor-heading-title elementor-size-default\">Idiomas<\/h4>\t\t\t\t<\/div>\n\t\t\t\t<\/div>\n\t\t\t\t<div class=\"elementor-element elementor-element-27341737 elementor-widget__width-auto elementor-widget-divider--view-line elementor-widget elementor-widget-divider\" data-id=\"27341737\" data-element_type=\"widget\" data-e-type=\"widget\" data-widget_type=\"divider.default\">\n\t\t\t\t<div class=\"elementor-widget-container\">\n\t\t\t\t\t\t\t<div class=\"elementor-divider\">\n\t\t\t<span class=\"elementor-divider-separator\">\n\t\t\t\t\t\t<\/span>\n\t\t<\/div>\n\t\t\t\t\t\t<\/div>\n\t\t\t\t<\/div>\n\t\t\t\t<div class=\"elementor-element elementor-element-f80beab elementor-widget elementor-widget-text-editor\" data-id=\"f80beab\" data-element_type=\"widget\" data-e-type=\"widget\" data-widget_type=\"text-editor.default\">\n\t\t\t\t<div class=\"elementor-widget-container\">\n\t\t\t\t\t\t\t\t\t<ul><li>Ingl\u00e9s<\/li><li>Espa\u00f1ol<\/li><\/ul>\t\t\t\t\t\t\t\t<\/div>\n\t\t\t\t<\/div>\n\t\t\t\t\t<\/div>\n\t\t<\/div>\n\t\t\t\t\t<\/div>\n\t\t<\/section>\n\t\t\t\t<\/div>","protected":false},"excerpt":{"rendered":"<p>CEO\/Founder agaleano@keyworldconsultants.com Andrea Galeano Andrea Galeano is a licensed Attorney admitted to practice law in Colombia. She obtained her lawdegree in Colombia from the School of law of the University Externado of Colombia. Subsequently,she obtained a specialization degree in Corporate Law from the University Externado of Colombia, aspecialization in International Business Law from University of [&hellip;]<\/p>","protected":false},"author":1,"featured_media":0,"parent":0,"menu_order":0,"comment_status":"closed","ping_status":"closed","template":"","meta":{"footnotes":""},"class_list":["post-418","page","type-page","status-publish","hentry"],"_links":{"self":[{"href":"https:\/\/keyworldconsultants.com\/es\/wp-json\/wp\/v2\/pages\/418","targetHints":{"allow":["GET"]}}],"collection":[{"href":"https:\/\/keyworldconsultants.com\/es\/wp-json\/wp\/v2\/pages"}],"about":[{"href":"https:\/\/keyworldconsultants.com\/es\/wp-json\/wp\/v2\/types\/page"}],"author":[{"embeddable":true,"href":"https:\/\/keyworldconsultants.com\/es\/wp-json\/wp\/v2\/users\/1"}],"replies":[{"embeddable":true,"href":"https:\/\/keyworldconsultants.com\/es\/wp-json\/wp\/v2\/comments?post=418"}],"version-history":[{"count":73,"href":"https:\/\/keyworldconsultants.com\/es\/wp-json\/wp\/v2\/pages\/418\/revisions"}],"predecessor-version":[{"id":2087,"href":"https:\/\/keyworldconsultants.com\/es\/wp-json\/wp\/v2\/pages\/418\/revisions\/2087"}],"wp:attachment":[{"href":"https:\/\/keyworldconsultants.com\/es\/wp-json\/wp\/v2\/media?parent=418"}],"curies":[{"name":"wp","href":"https:\/\/api.w.org\/{rel}","templated":true}]}}