{"id":828,"date":"2024-06-19T23:11:06","date_gmt":"2024-06-20T04:11:06","guid":{"rendered":"https:\/\/keyworldconsultants.com\/?page_id=828"},"modified":"2024-07-11T20:31:38","modified_gmt":"2024-07-12T01:31:38","slug":"perfil-hector-manuel","status":"publish","type":"page","link":"https:\/\/keyworldconsultants.com\/es\/perfil-hector-manuel\/","title":{"rendered":"Perfil Hector Manuel"},"content":{"rendered":"<div data-elementor-type=\"wp-page\" data-elementor-id=\"828\" class=\"elementor elementor-828\" data-elementor-post-type=\"page\">\n\t\t\t\t\t\t<section class=\"elementor-section elementor-top-section elementor-element elementor-element-7886a6c6 elementor-section-boxed elementor-section-height-default elementor-section-height-default\" data-id=\"7886a6c6\" data-element_type=\"section\" data-e-type=\"section\" id=\"Perfil-Andrea\">\n\t\t\t\t\t\t<div class=\"elementor-container elementor-column-gap-default\">\n\t\t\t\t\t<div class=\"elementor-column elementor-col-50 elementor-top-column elementor-element elementor-element-1bd2b135\" data-id=\"1bd2b135\" data-element_type=\"column\" data-e-type=\"column\" data-settings=\"{&quot;background_background&quot;:&quot;classic&quot;}\">\n\t\t\t<div class=\"elementor-widget-wrap elementor-element-populated\">\n\t\t\t\t\t\t<section class=\"elementor-section elementor-inner-section elementor-element elementor-element-7d50cd2e elementor-section-full_width elementor-section-height-default elementor-section-height-default\" data-id=\"7d50cd2e\" data-element_type=\"section\" data-e-type=\"section\" data-settings=\"{&quot;background_background&quot;:&quot;classic&quot;}\">\n\t\t\t\t\t\t<div class=\"elementor-container elementor-column-gap-default\">\n\t\t\t\t\t<div class=\"elementor-column elementor-col-100 elementor-inner-column elementor-element elementor-element-17b3dca8\" data-id=\"17b3dca8\" data-element_type=\"column\" data-e-type=\"column\" data-settings=\"{&quot;background_background&quot;:&quot;classic&quot;}\">\n\t\t\t<div class=\"elementor-widget-wrap elementor-element-populated\">\n\t\t\t\t\t\t<div class=\"elementor-element elementor-element-39e760f3 elementor-widget elementor-widget-image\" data-id=\"39e760f3\" data-element_type=\"widget\" data-e-type=\"widget\" data-widget_type=\"image.default\">\n\t\t\t\t<div class=\"elementor-widget-container\">\n\t\t\t\t\t\t\t\t\t\t\t\t\t\t\t<img fetchpriority=\"high\" decoding=\"async\" width=\"693\" height=\"1024\" src=\"https:\/\/keyworldconsultants.com\/wp-content\/uploads\/2024\/07\/IMG_4836-693x1024.jpg\" class=\"attachment-large size-large wp-image-2328\" alt=\"\" srcset=\"https:\/\/keyworldconsultants.com\/wp-content\/uploads\/2024\/07\/IMG_4836-693x1024.jpg 693w, https:\/\/keyworldconsultants.com\/wp-content\/uploads\/2024\/07\/IMG_4836-203x300.jpg 203w, https:\/\/keyworldconsultants.com\/wp-content\/uploads\/2024\/07\/IMG_4836-768x1135.jpg 768w, https:\/\/keyworldconsultants.com\/wp-content\/uploads\/2024\/07\/IMG_4836-1039x1536.jpg 1039w, https:\/\/keyworldconsultants.com\/wp-content\/uploads\/2024\/07\/IMG_4836-1386x2048.jpg 1386w, https:\/\/keyworldconsultants.com\/wp-content\/uploads\/2024\/07\/IMG_4836-8x12.jpg 8w, https:\/\/keyworldconsultants.com\/wp-content\/uploads\/2024\/07\/IMG_4836-scaled.jpg 1732w\" sizes=\"(max-width: 693px) 100vw, 693px\" \/>\t\t\t\t\t\t\t\t\t\t\t\t\t\t\t<\/div>\n\t\t\t\t<\/div>\n\t\t\t\t<div class=\"elementor-element elementor-element-5f75db76 elementor-widget__width-initial elementor-widget elementor-widget-heading\" data-id=\"5f75db76\" data-element_type=\"widget\" data-e-type=\"widget\" data-widget_type=\"heading.default\">\n\t\t\t\t<div class=\"elementor-widget-container\">\n\t\t\t\t\t<h4 class=\"elementor-heading-title elementor-size-default\">Consultor Senior \/ Abogado Licenciado en Colombia<\/h4>\t\t\t\t<\/div>\n\t\t\t\t<\/div>\n\t\t\t\t\t<\/div>\n\t\t<\/div>\n\t\t\t\t\t<\/div>\n\t\t<\/section>\n\t\t\t\t\t<\/div>\n\t\t<\/div>\n\t\t\t\t<div class=\"elementor-column elementor-col-50 elementor-top-column elementor-element elementor-element-3b8478f9\" data-id=\"3b8478f9\" data-element_type=\"column\" data-e-type=\"column\">\n\t\t\t<div class=\"elementor-widget-wrap elementor-element-populated\">\n\t\t\t\t\t\t<div class=\"elementor-element elementor-element-1fb2fb0b elementor-widget elementor-widget-heading\" data-id=\"1fb2fb0b\" data-element_type=\"widget\" data-e-type=\"widget\" data-widget_type=\"heading.default\">\n\t\t\t\t<div class=\"elementor-widget-container\">\n\t\t\t\t\t<h4 class=\"elementor-heading-title elementor-size-default\">Hector Manuel Galeano<\/h4>\t\t\t\t<\/div>\n\t\t\t\t<\/div>\n\t\t\t\t<div class=\"elementor-element elementor-element-2f3465d elementor-widget elementor-widget-text-editor\" data-id=\"2f3465d\" data-element_type=\"widget\" data-e-type=\"widget\" data-widget_type=\"text-editor.default\">\n\t\t\t\t<div class=\"elementor-widget-container\">\n\t\t\t\t\t\t\t\t\t<p class=\"translation-block\">H\u00e9ctor M. Galeano es un abogado licenciado y autorizado para ejercer abogac\u00eda en Colombia.\nObtuvo su t\u00edtulo de abogado en Colombia en la Facultad de Derecho de la Universidad Externado\nde Colombia.<\/p>\t\t\t\t\t\t\t\t<\/div>\n\t\t\t\t<\/div>\n\t\t\t\t<div class=\"elementor-element elementor-element-59d4957 elementor-widget elementor-widget-text-editor\" data-id=\"59d4957\" data-element_type=\"widget\" data-e-type=\"widget\" data-widget_type=\"text-editor.default\">\n\t\t\t\t<div class=\"elementor-widget-container\">\n\t\t\t\t\t\t\t\t\t<p class=\"translation-block\">H\u00e9ctor tiene muchos a\u00f1os de experiencia en diferentes materias incluyendo derecho comercial, derecho civil, derecho contractual, entre otros en Colombia. Su experiencia lo ha llevado a apoyar diferentes procesos judiciales en diferentes regiones de Colombia, brindar apoyo legal en negociaciones que involucran a clientes en Colombia y LATAM, y la preparaci\u00f3n de diferentes documentos legales como testamentos, minutas de escritura publica, contratos, poderes (general y especial) entre otros documentos con validez legal \u00fanicamente en Colombia y consulados de Colombia en los Estados Unidos.<\/p>\t\t\t\t\t\t\t\t<\/div>\n\t\t\t\t<\/div>\n\t\t\t\t<div class=\"elementor-element elementor-element-ff0467b elementor-widget elementor-widget-text-editor\" data-id=\"ff0467b\" data-element_type=\"widget\" data-e-type=\"widget\" data-widget_type=\"text-editor.default\">\n\t\t\t\t<div class=\"elementor-widget-container\">\n\t\t\t\t\t\t\t\t\t<p>H\u00e9ctor emigr\u00f3 a los Estados Unidos donde actualmente reside y tiene una buena experiencia en la formaci\u00f3n.<br>de las entidades estadounidenses<\/p>\t\t\t\t\t\t\t\t<\/div>\n\t\t\t\t<\/div>\n\t\t\t\t<div class=\"elementor-element elementor-element-c1765d1 elementor-widget elementor-widget-text-editor\" data-id=\"c1765d1\" data-element_type=\"widget\" data-e-type=\"widget\" data-widget_type=\"text-editor.default\">\n\t\t\t\t<div class=\"elementor-widget-container\">\n\t\t\t\t\t\t\t\t\t<p>H\u00e9ctor no tiene licencia para practicar leyes en los estados unidos, sus servicios no son ofrecidos como asesor jur\u00eddico o de asesor legal en los Estados Unidos.<\/p>\t\t\t\t\t\t\t\t<\/div>\n\t\t\t\t<\/div>\n\t\t\t\t<div class=\"elementor-element elementor-element-340f8e36 elementor-widget elementor-widget-heading\" data-id=\"340f8e36\" data-element_type=\"widget\" data-e-type=\"widget\" data-widget_type=\"heading.default\">\n\t\t\t\t<div class=\"elementor-widget-container\">\n\t\t\t\t\t<h4 class=\"elementor-heading-title elementor-size-default\">Educaci\u00f3n<\/h4>\t\t\t\t<\/div>\n\t\t\t\t<\/div>\n\t\t\t\t<div class=\"elementor-element elementor-element-491afaff elementor-widget__width-auto elementor-widget-divider--view-line elementor-widget elementor-widget-divider\" data-id=\"491afaff\" data-element_type=\"widget\" data-e-type=\"widget\" data-widget_type=\"divider.default\">\n\t\t\t\t<div class=\"elementor-widget-container\">\n\t\t\t\t\t\t\t<div class=\"elementor-divider\">\n\t\t\t<span class=\"elementor-divider-separator\">\n\t\t\t\t\t\t<\/span>\n\t\t<\/div>\n\t\t\t\t\t\t<\/div>\n\t\t\t\t<\/div>\n\t\t\t\t<div class=\"elementor-element elementor-element-3e2ff0a5 elementor-widget elementor-widget-text-editor\" data-id=\"3e2ff0a5\" data-element_type=\"widget\" data-e-type=\"widget\" data-widget_type=\"text-editor.default\">\n\t\t\t\t<div class=\"elementor-widget-container\">\n\t\t\t\t\t\t\t\t\t<ul><li>Juris Doctor in Colombia, Universidad Externado de Colombia, 1974<\/li><\/ul>\t\t\t\t\t\t\t\t<\/div>\n\t\t\t\t<\/div>\n\t\t\t\t<div class=\"elementor-element elementor-element-d5b9c elementor-widget elementor-widget-heading\" data-id=\"d5b9c\" data-element_type=\"widget\" data-e-type=\"widget\" data-widget_type=\"heading.default\">\n\t\t\t\t<div class=\"elementor-widget-container\">\n\t\t\t\t\t<h4 class=\"elementor-heading-title elementor-size-default\">Membres\u00edas<\/h4>\t\t\t\t<\/div>\n\t\t\t\t<\/div>\n\t\t\t\t<div class=\"elementor-element elementor-element-4756c450 elementor-widget__width-auto elementor-widget-divider--view-line elementor-widget elementor-widget-divider\" data-id=\"4756c450\" data-element_type=\"widget\" data-e-type=\"widget\" data-widget_type=\"divider.default\">\n\t\t\t\t<div class=\"elementor-widget-container\">\n\t\t\t\t\t\t\t<div class=\"elementor-divider\">\n\t\t\t<span class=\"elementor-divider-separator\">\n\t\t\t\t\t\t<\/span>\n\t\t<\/div>\n\t\t\t\t\t\t<\/div>\n\t\t\t\t<\/div>\n\t\t\t\t<div class=\"elementor-element elementor-element-7be138c0 elementor-widget elementor-widget-text-editor\" data-id=\"7be138c0\" data-element_type=\"widget\" data-e-type=\"widget\" data-widget_type=\"text-editor.default\">\n\t\t\t\t<div class=\"elementor-widget-container\">\n\t\t\t\t\t\t\t\t\t<ul><li>La Asociaci\u00f3n de la Barra de Colombia.<\/li><\/ul>\t\t\t\t\t\t\t\t<\/div>\n\t\t\t\t<\/div>\n\t\t\t\t<div class=\"elementor-element elementor-element-7e7fb579 elementor-widget elementor-widget-heading\" data-id=\"7e7fb579\" data-element_type=\"widget\" data-e-type=\"widget\" data-widget_type=\"heading.default\">\n\t\t\t\t<div class=\"elementor-widget-container\">\n\t\t\t\t\t<h4 class=\"elementor-heading-title elementor-size-default\">Idiomas<\/h4>\t\t\t\t<\/div>\n\t\t\t\t<\/div>\n\t\t\t\t<div class=\"elementor-element elementor-element-1a1a5c7b elementor-widget__width-auto elementor-widget-divider--view-line elementor-widget elementor-widget-divider\" data-id=\"1a1a5c7b\" data-element_type=\"widget\" data-e-type=\"widget\" data-widget_type=\"divider.default\">\n\t\t\t\t<div class=\"elementor-widget-container\">\n\t\t\t\t\t\t\t<div class=\"elementor-divider\">\n\t\t\t<span class=\"elementor-divider-separator\">\n\t\t\t\t\t\t<\/span>\n\t\t<\/div>\n\t\t\t\t\t\t<\/div>\n\t\t\t\t<\/div>\n\t\t\t\t<div class=\"elementor-element elementor-element-5af1186d elementor-widget elementor-widget-text-editor\" data-id=\"5af1186d\" data-element_type=\"widget\" data-e-type=\"widget\" data-widget_type=\"text-editor.default\">\n\t\t\t\t<div class=\"elementor-widget-container\">\n\t\t\t\t\t\t\t\t\t<ul><li>Espa\u00f1ol<\/li><\/ul>\t\t\t\t\t\t\t\t<\/div>\n\t\t\t\t<\/div>\n\t\t\t\t\t<\/div>\n\t\t<\/div>\n\t\t\t\t\t<\/div>\n\t\t<\/section>\n\t\t\t\t<\/div>","protected":false},"excerpt":{"rendered":"<p>Senior Consultant \/ Attorney authorized to practice law in Colombia Hector Manuel Galeano Hector M. Galeano is a licensed Attorney admitted to practice law in Colombia. He obtained his lawdegree in Colombia from the School of law of the University Externado of Colombia. Hector has many years of experience in different matters including business law, [&hellip;]<\/p>","protected":false},"author":1,"featured_media":0,"parent":0,"menu_order":0,"comment_status":"closed","ping_status":"closed","template":"","meta":{"footnotes":""},"class_list":["post-828","page","type-page","status-publish","hentry"],"_links":{"self":[{"href":"https:\/\/keyworldconsultants.com\/es\/wp-json\/wp\/v2\/pages\/828","targetHints":{"allow":["GET"]}}],"collection":[{"href":"https:\/\/keyworldconsultants.com\/es\/wp-json\/wp\/v2\/pages"}],"about":[{"href":"https:\/\/keyworldconsultants.com\/es\/wp-json\/wp\/v2\/types\/page"}],"author":[{"embeddable":true,"href":"https:\/\/keyworldconsultants.com\/es\/wp-json\/wp\/v2\/users\/1"}],"replies":[{"embeddable":true,"href":"https:\/\/keyworldconsultants.com\/es\/wp-json\/wp\/v2\/comments?post=828"}],"version-history":[{"count":19,"href":"https:\/\/keyworldconsultants.com\/es\/wp-json\/wp\/v2\/pages\/828\/revisions"}],"predecessor-version":[{"id":2337,"href":"https:\/\/keyworldconsultants.com\/es\/wp-json\/wp\/v2\/pages\/828\/revisions\/2337"}],"wp:attachment":[{"href":"https:\/\/keyworldconsultants.com\/es\/wp-json\/wp\/v2\/media?parent=828"}],"curies":[{"name":"wp","href":"https:\/\/api.w.org\/{rel}","templated":true}]}}